{"id":72,"date":"2023-01-20T11:33:02","date_gmt":"2023-01-20T11:33:02","guid":{"rendered":"https:\/\/dipc3.web.ua.pt\/?page_id=72"},"modified":"2023-01-20T11:36:31","modified_gmt":"2023-01-20T11:36:31","slug":"contactos","status":"publish","type":"page","link":"https:\/\/dipc3.web.ua.pt\/index.php\/contactos\/","title":{"rendered":"Contactos"},"content":{"rendered":"\n<p><strong>Di\u00e1logos Interculturais Portugal-China<\/strong><br><strong>III Congresso Internacional<\/strong><\/p>\n\n\n\n<p>Instituto Conf\u00facio<br>Universidade de Aveiro<br>Campus Universit\u00e1rio de Santiago (edif\u00edcio 3)<br>3810-193 AVEIRO<br>PORTUGAL<\/p>\n\n\n\n<p><strong>e-mail:<\/strong><br><a href=\"mailto:ic-ua-dipc3@ua.pt\">ic-ua-dipc3@ua.pt<\/a><\/p>\n\n\n\n<p><strong>Secretariado<\/strong><strong><br><\/strong>Celina Silva (<a href=\"mailto:celina@ua.pt\">celina@ua.pt<\/a>)<\/p>\n\n\n\n<p><strong>Telefone:<\/strong><br>+351 234 247 076<\/p>\n\n\n\n<p>Nota: Contactar a organiza\u00e7\u00e3o por email.<\/p>\n","protected":false},"excerpt":{"rendered":"<p>Di\u00e1logos Interculturais Portugal-ChinaIII Congresso Internacional Instituto Conf\u00facioUniversidade de AveiroCampus Universit\u00e1rio de Santiago (edif\u00edcio 3)3810-193 AVEIROPORTUGAL e-mail:ic-ua-dipc3@ua.pt SecretariadoCelina Silva (celina@ua.pt) Telefone:+351 234 247 076 Nota: Contactar a organiza\u00e7\u00e3o por email.<\/p>\n","protected":false},"author":3,"featured_media":0,"parent":0,"menu_order":0,"comment_status":"closed","ping_status":"closed","template":"","meta":{"neve_meta_sidebar":"","neve_meta_container":"","neve_meta_enable_content_width":"","neve_meta_content_width":0,"neve_meta_title_alignment":"","neve_meta_author_avatar":"","neve_post_elements_order":"","neve_meta_disable_header":"","neve_meta_disable_footer":"","neve_meta_disable_title":"","_themeisle_gutenberg_block_has_review":false,"_ti_tpc_template_sync":false,"_ti_tpc_template_id":""},"_links":{"self":[{"href":"https:\/\/dipc3.web.ua.pt\/index.php\/wp-json\/wp\/v2\/pages\/72"}],"collection":[{"href":"https:\/\/dipc3.web.ua.pt\/index.php\/wp-json\/wp\/v2\/pages"}],"about":[{"href":"https:\/\/dipc3.web.ua.pt\/index.php\/wp-json\/wp\/v2\/types\/page"}],"author":[{"embeddable":true,"href":"https:\/\/dipc3.web.ua.pt\/index.php\/wp-json\/wp\/v2\/users\/3"}],"replies":[{"embeddable":true,"href":"https:\/\/dipc3.web.ua.pt\/index.php\/wp-json\/wp\/v2\/comments?post=72"}],"version-history":[{"count":2,"href":"https:\/\/dipc3.web.ua.pt\/index.php\/wp-json\/wp\/v2\/pages\/72\/revisions"}],"predecessor-version":[{"id":228,"href":"https:\/\/dipc3.web.ua.pt\/index.php\/wp-json\/wp\/v2\/pages\/72\/revisions\/228"}],"wp:attachment":[{"href":"https:\/\/dipc3.web.ua.pt\/index.php\/wp-json\/wp\/v2\/media?parent=72"}],"curies":[{"name":"wp","href":"https:\/\/api.w.org\/{rel}","templated":true}]}}